{"id":3,"date":"2022-05-20T06:34:12","date_gmt":"2022-05-20T06:34:12","guid":{"rendered":"https:\/\/www.eko.mi.it\/?page_id=3"},"modified":"2022-05-24T15:56:31","modified_gmt":"2022-05-24T15:56:31","slug":"privacy-policy","status":"publish","type":"page","link":"https:\/\/www.eko.mi.it\/?page_id=3","title":{"rendered":"Privacy Policy"},"content":{"rendered":"\t\t<div data-elementor-type=\"wp-page\" data-elementor-id=\"3\" class=\"elementor elementor-3\" data-elementor-post-type=\"page\">\n\t\t\t\t\t\t\t\t\t<section class=\"elementor-section elementor-top-section elementor-element elementor-element-29d24e74 elementor-section-boxed elementor-section-height-default elementor-section-height-default\" data-id=\"29d24e74\" data-element_type=\"section\">\n\t\t\t\t\t\t<div class=\"elementor-container elementor-column-gap-default\">\n\t\t\t\t\t<div class=\"elementor-column elementor-col-100 elementor-top-column elementor-element elementor-element-5849a9e7\" data-id=\"5849a9e7\" data-element_type=\"column\">\n\t\t\t<div class=\"elementor-widget-wrap elementor-element-populated\">\n\t\t\t\t\t\t\t\t<div class=\"elementor-element elementor-element-30631318 elementor-widget elementor-widget-text-editor\" data-id=\"30631318\" data-element_type=\"widget\" data-widget_type=\"text-editor.default\">\n\t\t\t\t<div class=\"elementor-widget-container\">\n\t\t\t<style>\/*! elementor - v3.14.0 - 26-06-2023 *\/\n.elementor-widget-text-editor.elementor-drop-cap-view-stacked .elementor-drop-cap{background-color:#69727d;color:#fff}.elementor-widget-text-editor.elementor-drop-cap-view-framed .elementor-drop-cap{color:#69727d;border:3px solid;background-color:transparent}.elementor-widget-text-editor:not(.elementor-drop-cap-view-default) .elementor-drop-cap{margin-top:8px}.elementor-widget-text-editor:not(.elementor-drop-cap-view-default) .elementor-drop-cap-letter{width:1em;height:1em}.elementor-widget-text-editor .elementor-drop-cap{float:left;text-align:center;line-height:1;font-size:50px}.elementor-widget-text-editor .elementor-drop-cap-letter{display:inline-block}<\/style>\t\t\t\t<!-- wp:heading -->\n<p><strong>Informativa sul Trattamento dati personali sul Web<\/strong><br \/>Ai sensi dell\u2019art. 13 Regolamento (UE) 2016\/679 (nel prosieguo, \u201cGDPR\u201d), La informiamo che i dati personali (nel prosieguo, i \u201cDati\u201d) da Lei forniti saranno trattati da EKO S.r.l. (nel prosieguo, la \u201cSociet\u00e0\u201d o Titolare) in qualit\u00e0 di Titolare del trattamento.<br \/>La presente privacy policy si applica esclusivamente alle attivit\u00e0 online del presente sito ed \u00e8 valida per i visitatori\/utenti del sito. Non si applica alle informazioni eventualmente raccolte tramite canali diversi dal presente sito web, raggiungibili tramite link ipertestuali eventualmente pubblicati nei siti ma riferiti a risorse esterne al nostro dominio.<\/p>\n<p><br \/><strong>1. BASE GIURIDICA E FINALIT\u00c0 DEL TRATTAMENTO<\/strong><br \/>Il Titolare tratta i Dati in base al consenso. Con l\u2019uso o la consultazione del presente sito i visitatori e gli utenti approvano esplicitamente la presente informativa privacy e acconsentono al trattamento dei loro Dati in relazione alle modalit\u00e0 e alle finalit\u00e0 di seguito descritte. <br \/>Ai sensi dell&#8217;art. 5 del GDPR, il conferimento dei Dati e quindi il Consenso alla raccolta e al trattamento dei dati \u00e8 facoltativo. L\u2019utente pu\u00f2 negare il consenso, e pu\u00f2 revocare in qualsiasi momento un consenso gi\u00e0 fornito (tramite email: privacy@eko.mi.it). Tuttavia, negare il consenso pu\u00f2 comportare l\u2019impossibilit\u00e0 di erogare alcuni servizi e l\u2019esperienza di navigazione nel sito potrebbe essere compromessa.<br \/>Il presente sito tratta alcuni dei Dati anche in base ai legittimi interessi del titolare del trattamento.<br \/>I Dati raccolti per finalit\u00e0 riconducibili all\u2019interesse legittimo del Titolare saranno trattenuti sino al soddisfacimento di tale interesse.<br \/>\u00a0<br \/><strong>2. MODALIT\u00c0 DEL TRATTAMENTO<\/strong><br \/>Il presente sito tratta i Dati degli utenti adottando le opportune misure di sicurezza volte ad impedire accessi non autorizzati, divulgazione, modifica o distruzione non autorizzata dei Dati. Il trattamento viene effettuato in maniera lecita, trasparente e corretta, mediante strumenti informatici e\/o telematici, con modalit\u00e0 organizzative e con logiche strettamente correlate alle finalit\u00e0 indicate. In particolare, il software di gestione del sito \u00e8 costantemente aggiornato, e regolarmente scansionato al fine di verificare la presenza di virus e codici pericolosi. Sono state adottate misure organizzative (distribuzione di ruoli e responsabilit\u00e0 nell\u2019esecuzione dell\u2019attivit\u00e0 e dei controlli), procedurali e tecniche (firewall, antivirus ed altre avanzate tecnologie) appropriate e adeguate a proteggere i Dati.<br \/>Dati forniti dall&#8217;utente<br \/>L&#8217;invio facoltativo, esplicito e volontario di messaggi agli indirizzi di contatto del Titolare, nonch\u00e9 la compilazione e l&#8217;inoltro dei moduli presenti sul sito, comportano l&#8217;acquisizione dei dati di contatto del mittente, necessari a rispondere, nonch\u00e9 di tutti i dati personali inclusi nelle comunicazioni. I dati personali forniti dall\u2019interessato per usufruire dei servizi offerti sul Sito verranno trattati per rispondere alla sua richiesta in conformit\u00e0 con la presente informativa e le specifiche informative privacy rese in fase di adesione ai singoli servizi. I Dati verranno conservati per il tempo necessario ad erogare il servizio richiesto e per gestire eventuali contestazioni<\/p>\n<p><strong>Dati di navigazione<\/strong><br \/>I Dati acquisiti automaticamente dai sistemi e dai programmi preposti al funzionamento del Sito vengono utilizzati per elaborare statistiche anonime sulla consultazione del Sito e per controllarne il corretto funzionamento. In questi casi, i dati di navigazione non consentono di identificare gli utenti interessati e vengono cancellati subito dopo l&#8217;elaborazione in forma anonima.<\/p>\n<p><strong>Cookies<\/strong><br \/>Il Sito utilizza i seguenti cookie:<br \/>\u2022 Cookie di sessione. L&#8217;uso dei cookie di sessione, che non vengono memorizzati in modo persistente sul dispositivo dell&#8217;utente e svaniscono con la chiusura del browser, \u00e8 strettamente limitato alla trasmissione di identificativi di sessione (costituiti da numeri casuali generati dal server) necessari per consentire l&#8217;esplorazione sicura ed efficiente del Sito. Tali cookie non consentono di identificare gli utenti interessati.<br \/>\u2022 Cookie analitici di terze parti. Il Sito utilizza Google Analytics in modalit\u00e0 \u201cMascheratura dell\u2019indirizzo IP\u201d e condivisione dati disabilitata. La modalit\u00e0 \u201cMascheratura dell\u2019indirizzo IP\u201d consente di anonimizzare l\u2019indirizzo IP dell\u2019utente del Sito. Per maggiori informazioni sul metodo di anonimizzazione (vedi: https:\/\/support.google.com\/analytics\/answer\/2905384)<br \/>\u00a0<br \/><strong>3. PERIODO DI CONSERVAZIONE DEI DATI<\/strong><br \/>I Dati saranno inseriti nel database aziendale e conservati per il tempo necessario alle finalit\u00e0 del trattamento. Decorso tale termine di conservazione, i Dati saranno distrutti o resi anonimi.<br \/>\u00a0<br \/><strong>4. DIRITTI DELL&#8217;INTERESSATO<\/strong><br \/>Ai sensi del Regolamento europeo 679\/2016 (GDPR) art. 15 e segg., l\u2019utente pu\u00f2, secondo le modalit\u00e0 e nei limiti previsti dalla vigente normativa, esercitare i seguenti diritti:<br \/>\u2022 opporsi in tutto o in parte, per motivi legittimi al trattamento dei Dati che lo riguardano ai fini di invio di materiale pubblicitario o di vendita diretta o per il compimento di ricerche di mercato o di comunicazione commerciale;<br \/>\u2022 richiedere la conferma dell\u2019esistenza di Dati che lo riguardano (diritto di accesso);<br \/>\u2022 conoscerne l\u2019origine;<br \/>\u2022 riceverne comunicazione intelligibile;<br \/>\u2022 avere informazioni circa la logica, le modalit\u00e0 e le finalit\u00e0 del trattamento;<br \/>\u2022 richiederne l\u2019aggiornamento, la rettifica, l\u2019integrazione, la cancellazione, la trasformazione in forma anonima, il blocco dei Dati trattati in violazione di legge, ivi compresi quelli non pi\u00f9 necessari al perseguimento degli scopi per i quali sono stati raccolti;<br \/>\u2022 nei casi di trattamento basato su consenso, ricevere al solo costo dell\u2019eventuale supporto, i dati forniti al titolare, in forma strutturata e leggibile da un elaboratore di dati e in un formato comunemente usato da un dispositivo elettronico;<br \/>\u2022 nonch\u00e9, pi\u00f9 in generale, esercitare tutti i diritti che gli sono riconosciuti dalle vigenti disposizioni di legge.<br \/>Nel caso in cui i Dati siano trattati in base ai legittimi interessi sono comunque garantiti i diritti degli interessati al trattamento (tranne il diritto alla portabilit\u00e0 che non \u00e8 previsto dalle norme), in particolare il diritto di opposizione al trattamento che pu\u00f2 essere esercitato inviando una richiesta al titolare del trattamento.<br \/>Diritto di reclamo<br \/>Gli interessati che ritengono che il trattamento dei Dati a loro riferiti effettuato attraverso questo sito avvenga in violazione di quanto previsto dal Regolamento hanno il diritto di proporre reclamo al Garante, come previsto dall&#8217;art. 77 del Regolamento stesso, o di adire le opportune sedi giudiziarie (art. 79 del Regolamento).<br \/>Tali diritti possono essere esercitati scrivendo a mezzo posta, a EKO S.r.l. in Milano (Italia) 20123, via Saffi n. 21 oppure tramite posta elettronica al seguente indirizzo e-mail: privacy@eko.mi.it.<br \/>Resta inteso che, laddove la richiesta di accesso sia presentata mediante mezzi elettronici, le informazioni saranno fornite in un formato elettronico di uso comune.\u00a0<br \/>\u00a0<br \/><strong>5. IDENTIT\u00c0 E DATI DI CONTATTO DEL TITOLARE DEL TRATTAMENTO<\/strong><br \/>Titolare del trattamento dei Dati \u00e8 EKO S.r.l. nella persona del Legale Rappresentante Filippo De Carlo, con sede legale in via Saffi n. 21 20123 Milano (Italia).<br \/>Contatto e-mail: privacy@eko.mi.it<\/p>\n<!-- \/wp:paragraph -->\t\t\t\t\t\t<\/div>\n\t\t\t\t<\/div>\n\t\t\t\t\t<\/div>\n\t\t<\/div>\n\t\t\t\t\t\t\t<\/div>\n\t\t<\/section>\n\t\t\t\t\t\t\t<\/div>\n\t\t","protected":false},"excerpt":{"rendered":"<p>Informativa sul Trattamento dati personali sul WebAi sensi dell\u2019art. 13 Regolamento (UE) 2016\/679 (nel prosieguo, \u201cGDPR\u201d), La informiamo che i dati personali (nel prosieguo, i \u201cDati\u201d) da Lei forniti saranno trattati da EKO S.r.l. (nel prosieguo, la \u201cSociet\u00e0\u201d o Titolare) in qualit\u00e0 di Titolare del trattamento.La presente privacy policy si applica esclusivamente alle attivit\u00e0 online [&hellip;]<\/p>\n","protected":false},"author":1,"featured_media":0,"parent":0,"menu_order":0,"comment_status":"closed","ping_status":"open","template":"","meta":{"_mi_skip_tracking":false,"_monsterinsights_sitenote_active":false,"_monsterinsights_sitenote_note":"","_monsterinsights_sitenote_category":0},"aioseo_notices":[],"_links":{"self":[{"href":"https:\/\/www.eko.mi.it\/index.php?rest_route=\/wp\/v2\/pages\/3"}],"collection":[{"href":"https:\/\/www.eko.mi.it\/index.php?rest_route=\/wp\/v2\/pages"}],"about":[{"href":"https:\/\/www.eko.mi.it\/index.php?rest_route=\/wp\/v2\/types\/page"}],"author":[{"embeddable":true,"href":"https:\/\/www.eko.mi.it\/index.php?rest_route=\/wp\/v2\/users\/1"}],"replies":[{"embeddable":true,"href":"https:\/\/www.eko.mi.it\/index.php?rest_route=%2Fwp%2Fv2%2Fcomments&post=3"}],"version-history":[{"count":3,"href":"https:\/\/www.eko.mi.it\/index.php?rest_route=\/wp\/v2\/pages\/3\/revisions"}],"predecessor-version":[{"id":1464,"href":"https:\/\/www.eko.mi.it\/index.php?rest_route=\/wp\/v2\/pages\/3\/revisions\/1464"}],"wp:attachment":[{"href":"https:\/\/www.eko.mi.it\/index.php?rest_route=%2Fwp%2Fv2%2Fmedia&parent=3"}],"curies":[{"name":"wp","href":"https:\/\/api.w.org\/{rel}","templated":true}]}}